{"id":399,"date":"2017-05-12T18:42:32","date_gmt":"2017-05-12T16:42:32","guid":{"rendered":"http:\/\/js.herrmann-art.com\/?page_id=399"},"modified":"2021-12-15T09:51:41","modified_gmt":"2021-12-15T08:51:41","slug":"impressum","status":"publish","type":"page","link":"https:\/\/j-style-werbung.de\/?page_id=399","title":{"rendered":"Impressum"},"content":{"rendered":"<p>[vc_row css_animation=&#8220;&#8220; row_type=&#8220;row&#8220; use_row_as_full_screen_section=&#8220;no&#8220; type=&#8220;grid&#8220; angled_section=&#8220;no&#8220; text_align=&#8220;left&#8220; background_image_as_pattern=&#8220;without_pattern&#8220; padding_top=&#8220;80&#8243; padding_bottom=&#8220;50&#8243;][vc_column offset=&#8220;vc_col-lg-offset-1 vc_col-lg-10&#8243;][vc_separator type=&#8220;transparent&#8220; up=&#8220;80&#8243; down=&#8220;20&#8243;][vc_column_text]<\/p>\n<h2>Impressum<\/h2>\n<p>[\/vc_column_text][vc_separator type=&#8220;transparent&#8220; up=&#8220;20&#8243; down=&#8220;20&#8243;][vc_column_text]<\/p>\n<h6>Angaben gem\u00e4\u00df \u00a7 5 TMG:<\/h6>\n<p>J-Style-Werbung<\/p>\n<p>&nbsp;<\/p>\n<p>Marie-Curie-Str. 4<br \/>\n79211 Denzlingen<br \/>\nTel: 07666.5789<br \/>\nFax: 07666.5789<\/p>\n<p>&nbsp;<\/p>\n<p>www.j-style-werbung.de<br \/>\ninfo@j-style-werbung.de<\/p>\n<p>&nbsp;<\/p>\n<p>Inhaber: Ingvar Le Bo\u00ebdec<\/p>\n<p>Umsatzsteuer-Identifikationsnummer gem\u00e4\u00df \u00a7 27 a Umsatzsteuergesetz:<\/p>\n<p>DE341321879<\/p>\n<p>&nbsp;<\/p>\n<p>Ebenfalls f\u00fcr diese Homepage inhaltlich verantwortlich nach \u00a7 55 Abs. 2 RStV.<\/p>\n<p>&nbsp;<\/p>\n<h6>Kontakt:<\/h6>\n<p>Telefon: 07666.5789<br \/>\nMail: info@j-style-werbung.de[\/vc_column_text][\/vc_column][\/vc_row]<\/p>\n","protected":false},"excerpt":{"rendered":"<p>[vc_row css_animation=&#8220;&#8220; row_type=&#8220;row&#8220; use_row_as_full_screen_section=&#8220;no&#8220; type=&#8220;grid&#8220; angled_section=&#8220;no&#8220; text_align=&#8220;left&#8220; background_image_as_pattern=&#8220;without_pattern&#8220; padding_top=&#8220;80&#8243; padding_bottom=&#8220;50&#8243;][vc_column offset=&#8220;vc_col-lg-offset-1 vc_col-lg-10&#8243;][vc_separator type=&#8220;transparent&#8220; up=&#8220;80&#8243; down=&#8220;20&#8243;][vc_column_text] Impressum [\/vc_column_text][vc_separator type=&#8220;transparent&#8220; up=&#8220;20&#8243; down=&#8220;20&#8243;][vc_column_text] Angaben gem\u00e4\u00df \u00a7 5 TMG: J-Style-Werbung &nbsp; Marie-Curie-Str. 4 79211 Denzlingen Tel: 07666.5789 Fax: 07666.5789 &nbsp; www.j-style-werbung.de info@j-style-werbung.de &nbsp; Inhaber: Ingvar Le Bo\u00ebdec Umsatzsteuer-Identifikationsnummer gem\u00e4\u00df&#8230;<\/p>\n","protected":false},"author":1,"featured_media":0,"parent":0,"menu_order":0,"comment_status":"closed","ping_status":"closed","template":"full_width.php","meta":{"footnotes":""},"class_list":["post-399","page","type-page","status-publish","hentry"],"_links":{"self":[{"href":"https:\/\/j-style-werbung.de\/index.php?rest_route=\/wp\/v2\/pages\/399","targetHints":{"allow":["GET"]}}],"collection":[{"href":"https:\/\/j-style-werbung.de\/index.php?rest_route=\/wp\/v2\/pages"}],"about":[{"href":"https:\/\/j-style-werbung.de\/index.php?rest_route=\/wp\/v2\/types\/page"}],"author":[{"embeddable":true,"href":"https:\/\/j-style-werbung.de\/index.php?rest_route=\/wp\/v2\/users\/1"}],"replies":[{"embeddable":true,"href":"https:\/\/j-style-werbung.de\/index.php?rest_route=%2Fwp%2Fv2%2Fcomments&post=399"}],"version-history":[{"count":10,"href":"https:\/\/j-style-werbung.de\/index.php?rest_route=\/wp\/v2\/pages\/399\/revisions"}],"predecessor-version":[{"id":923,"href":"https:\/\/j-style-werbung.de\/index.php?rest_route=\/wp\/v2\/pages\/399\/revisions\/923"}],"wp:attachment":[{"href":"https:\/\/j-style-werbung.de\/index.php?rest_route=%2Fwp%2Fv2%2Fmedia&parent=399"}],"curies":[{"name":"wp","href":"https:\/\/api.w.org\/{rel}","templated":true}]}}